{"id":4978,"date":"2014-01-30T20:47:23","date_gmt":"2014-01-30T18:47:23","guid":{"rendered":"http:\/\/www.franziskus.it\/wissenswertes-inklusivleistungen-2\/"},"modified":"2026-01-08T18:38:17","modified_gmt":"2026-01-08T17:38:17","slug":"servizi-inclusi-da-sapere","status":"publish","type":"page","link":"https:\/\/franziskus.it\/it\/servizi-inclusi-da-sapere\/","title":{"rendered":"Fatti interessanti"},"content":{"rendered":"<div class=\"wpb-content-wrapper\"><p>[vc_row][vc_column][vc_tta_accordion style=&#8221;flat&#8221; shape=&#8221;round&#8221; color=&#8221;mulled-wine&#8221; active_section=&#8221;1&#8243; collapsible_all=&#8221;true&#8221;][vc_tta_section title=&#8221;Quali servizi sono inclusi?&#8221; tab_id=&#8221;1553245995513-4f012b24-2548&#8243;][vc_column_text]<strong>Il prezzo include:<\/strong><\/p>\n<ul>\n<li><strong>Piscina all\u2019aperto in giardino<\/strong><\/li>\n<li>Uso della lavanderia<\/li>\n<li>Utilizzo delle nostre strutture benessere (bagno turco, sauna, doccia avventura, infrarossi, percorso Kneipp) della piscina coperta con prato per prendere il sole<\/li>\n<li>Utilizzo della <a title=\"Seggiovia panoramica Merano-Tirolo\" href=\"http:\/\/www.panoramalift.it\" target=\"_blank\" rel=\"noopener noreferrer\">seggiovia panoramica per Merano<\/a><\/li>\n<li>Parco giochi per bambini<\/li>\n<li>Parcheggio sotterraneo per ogni appartamento<\/li>\n<li>Internet (W-Lan e Lan)<\/li>\n<li>Guest Pass. Con il Guest Pass Alto Adige si viaggia gratis con tutti i mezzi di trasporto pubblici in Alto Adige. \u00c8 incluso anche l&#8217;utilizzo di determinate funivie.<\/li>\n<li>Riscaldamento, corrente, acqua, biancheria da letto, asciugamani, canovacci (una volta alla settimana) e pulizia finale.<\/li>\n<\/ul>\n<p>[\/vc_column_text][\/vc_tta_section][vc_tta_section title=&#8221;Elettromobilit\u00e0: ci muoviamo al passo con i tempi!&#8221; tab_id=&#8221;1741077957612-190f6623-ffb9&#8243;][vc_column_text]Per consentirvi di utilizzare il vostro veicolo elettrico anche durante il vostro soggiorno al Residence Villa Franziskus, nel nostro garage sotterraneo \u00e8 disponibile una nuova stazione di ricarica.[\/vc_column_text][\/vc_tta_section][vc_tta_section title=&#8221;Ci sono ristoranti nelle vicinanze?&#8221; tab_id=&#8221;1553182088786-13decaad-9a40&#8243;][vc_column_text]<a href=\"http:\/\/schlechtnseppl.com\/\">Vi offriamo la possibilit\u00e0 di cenare nella nostra tradizionale locanda altoatesina a conduzione familiare Schlecht`n Seppl con uno sconto del 10%. Si trova nel centro di Tirolo. Qui puoi trovare ulteriori informazioni<\/a>[\/vc_column_text][\/vc_tta_section][vc_tta_section title=&#8221;Come posso spostarmi senza macchina?&#8221; tab_id=&#8221;1553181796737-6cff7b8f-8056&#8243;][vc_column_text]I collegamenti in autobus sono raggiungibili dal nostro condominio in 2 minuti. In alternativa, \u00e8 possibile raggiungere direttamente Merano con la nostra <a href=\"https:\/\/panoramalift.it\">seggiovia panoramica<\/a>, completamente gratuita.[\/vc_column_text][\/vc_tta_section][vc_tta_section title=&#8221;Escursioni guidate e tour in bicicletta&#8221; tab_id=&#8221;1553246182497-ff7660d3-40bd&#8221;][vc_column_text]Saremo lieti di organizzare per voi escursioni guidate e tour in bicicletta![\/vc_column_text][\/vc_tta_section][vc_tta_section title=&#8221;Dove si trova esattamente Dorf Tirol \/ Residence Villa Franziskus?&#8221; tab_id=&#8221;1553181796708-2e244d8a-a27c&#8221;][vc_column_text]A quasi 600 metri sul livello del mare, sopra i tetti di Merano. La nostra casa si trova all&#8217;ingresso di Tirolo, vicino a Merano, e colpisce per il suo stile tradizionale mediterraneo e per la splendida vista su gran parte della Val d&#8217;Adige.[\/vc_column_text][\/vc_tta_section][vc_tta_section title=&#8221;Quanto dista il centro di Tirolo \/ Merano?&#8221; tab_id=&#8221;1553181859268-91842ae1-9c3a&#8221;][vc_column_text]In 10 minuti a piedi raggiungerete il centro di Tirolo e nello stesso tempo raggiungerete la <a href=\"https:\/\/panoramalift.it\">NOSTRA SEGGIOVIA<\/a>, che vi porter\u00e0 sopra i tetti della citt\u00e0 termale di Merano. GRATUITO (esclusivo) per i nostri ospiti.[\/vc_column_text][\/vc_tta_section][vc_tta_section title=&#8221;\u00c8 offerto anche il servizio di colazione?&#8221; tab_id=&#8221;1553181861455-e51e4b32-8690&#8243;][vc_column_text css=&#8221;&#8221;]<strong>Prima colazione nell\u2019Hotel Panorama (800 metri distante):<br \/>\n<\/strong>\u20ac 20,00 a persona dai 14 anni al giorno<br \/>\n\u20ac 10,00 per bambino dai 4 anni in su al giorno[\/vc_column_text][\/vc_tta_section][vc_tta_section title=&#8221;C&#8217;\u00e8 il Wi-Fi?&#8221; tab_id=&#8221;1553181944457-72681c14-0b41&#8243;][vc_column_text]Offriamo la connessione Wi-Fi gratuita.[\/vc_column_text][\/vc_tta_section][vc_tta_section title=&#8221;Sono ammessi i cani?&#8221; tab_id=&#8221;1553181961164-8eeaab9e-22f0&#8243;][vc_column_text]Siete i benvenuti a portare il vostro cane, previo accordo. Vi preghiamo tuttavia di comprendere che non gli \u00e8 consentito l&#8217;accesso alla sala colazioni, all&#8217;area benessere e alla piscina! Per il vostro animale domestico addebitiamo \u20ac 15,00 al giorno, cibo escluso. IMPORTANTE Si prega di portare un cestino o una coperta da casa.[\/vc_column_text][\/vc_tta_section][vc_tta_section title=&#8221;Quanto siamo a misura di bambino?&#8221; tab_id=&#8221;1553181978605-f778ff91-adf5&#8243;][vc_column_text]Avere del tempo l&#8217;uno per l&#8217;altro \u00e8 il regalo pi\u00f9 bello. I nostri piccoli avventurieri troveranno innumerevoli opportunit\u00e0 a Tirolo e nei suoi dintorni, e nel nostro giardino privato troveranno anche il loro piccolo parco giochi!<br \/>\nI nostri figli Eva Marie, Jakob e Franziska non vedono l&#8217;ora di vedervi.[\/vc_column_text][\/vc_tta_section][vc_tta_section title=&#8221;Quanto \u00e8 efficace la pratica sportiva nella mia zona?&#8221; tab_id=&#8221;1553181979464-785bd719-e3db&#8221;][vc_column_text]Punto di partenza ideale per escursioni, passeggiate, giri in bicicletta, &#8230;<\/p>\n<p>Immergetevi nel variegato Burgraviato, lasciatevi consigliare dal vostro ospite e campione del mondo di corsa in montagna<\/p>\n<p>Vi aspettano numerose attivit\u00e0 per il tempo libero.<\/p>\n<p>Che si tratti di mountain bike e bici da corsa, tennis, beach volley, minigolf, golf, percorsi sospesi, rafting o parapendio<\/p>\n<p>Tutto \u00e8 nelle immediate vicinanze.[\/vc_column_text][\/vc_tta_section][vc_tta_section title=&#8221;Noleggio bici elettriche?&#8221; tab_id=&#8221;1553181980366-a98c3e22-db86&#8243;][vc_column_text]S\u00ec, avete la possibilit\u00e0 di noleggiare delle fantastiche e-bike nelle immediate vicinanze della nostra casa. Saremo lieti di consigliarvi![\/vc_column_text][\/vc_tta_section][vc_tta_section title=&#8221;Villa Franziskus \u00e8 un punto di partenza ideale per escursioni\/alpinismo?&#8221; tab_id=&#8221;1553182032400-2ea361c9-0fcc&#8221;][vc_column_text]Ci troviamo in una zona escursionistica molto varia, tra vigneti e alte montagne: che siate alla ricerca di un&#8217;escursione tranquilla o di un&#8217;escursione in alta quota, ce n&#8217;\u00e8 sicuramente per tutti i gusti.[\/vc_column_text][\/vc_tta_section][vc_tta_section title=&#8221;E che dire dei nostri amanti del piacere?&#8221; tab_id=&#8221;1553182059767-4d22f86f-0c7d&#8221;][vc_column_text]Il modo migliore per conoscere la zona \u00e8 fare una lunga passeggiata. Le opzioni a tua disposizione sono numerose&#8230; quindi ogni tanto concedi alla tua auto una piccola vacanza.[\/vc_column_text][\/vc_tta_section][vc_tta_section title=&#8221;Sono fornite lenzuola, asciugamani e utensili da cucina di base?&#8221; tab_id=&#8221;1553181862588-0f2dcad4-1840&#8243;][vc_column_text]Asciugamani e lenzuola forniti. (senza asciugamani da bagno)<br \/>\nPer la cucina: fornitura iniziale di strofinacci, detersivo per i piatti e stracci.[\/vc_column_text][\/vc_tta_section][vc_tta_section title=&#8221;\u00c8 disponibile il servizio lavanderia?&#8221; tab_id=&#8221;1553182074148-e163a390-973e&#8221;][vc_column_text]Lavanderia con lavatrice disponibile. (A pagamento)[\/vc_column_text][\/vc_tta_section][vc_tta_section title=&#8221;Ci sono parcheggi?&#8221; tab_id=&#8221;1553182106690-0e40a6cd-4906&#8243;][vc_column_text]S\u00ec, naturalmente mettiamo a disposizione un posto auto per ogni appartamento.[\/vc_column_text][\/vc_tta_section][vc_tta_section title=&#8221;arrivo e partenza&#8221; tab_id=&#8221;1553182173721-9c308f7b-79c3&#8243;][vc_column_text]Gli appartamenti sono disponibili a partire dalle ore 14:00. Vi preghiamo di liberare gli appartamenti entro le ore 10:00 del giorno di partenza.[\/vc_column_text][\/vc_tta_section][vc_tta_section title=&#8221;il tuo orario di arrivo&#8221; tab_id=&#8221;1553182187492-405f7c9d-3bb7&#8243;][vc_column_text]<strong>Vi preghiamo di comunicarci l&#8217;orario del vostro arrivo.<\/strong>[\/vc_column_text][\/vc_tta_section][vc_tta_section title=&#8221;non fumatore&#8221; tab_id=&#8221;1553182205363-dfb6ed80-f050&#8243;][vc_column_text]<strong>Tutti gli appartamenti sono per non fumatori.<\/strong>[\/vc_column_text][\/vc_tta_section][vc_tta_section title=&#8221;In caso di cancellazione:&#8221; tab_id=&#8221;1741077432205-56e02281-e611&#8243;][vc_column_text]Si accettano cancellazioni fino a 4 settimane prima della data prevista di arrivo. In tutti gli altri casi addebitiamo il costo del letto vuoto secondo la legge italiana sul contratto di alloggio per ospiti, lo stesso vale per la partenza anticipata.<br \/>\nNel vostro e nel nostro interesse, vi consigliamo pertanto di stipulare un\u2019assicurazione di cancellazione del viaggio prima dell\u2019inizio della vostra vacanza.<br \/>\nPer il resto valgono le condizioni di disdetta di cui all\u2019art. 1382 CC:<br \/>\nIn caso di disdetta da parte dell\u2019ospite o del cliente tra 4 settimane prima del giorno di arrivo concordato e il giorno di arrivo stesso, il cliente \u00e8 tenuto a pagare le seguenti spese di disdetta:<\/p>\n<ul>\n<li>Cancellazione entro e non oltre 15 giorni prima della data prevista di arrivo: 40% del prezzo totale concordato;<\/li>\n<li>Cancellazione almeno 8 giorni prima della data prevista di arrivo: 60% del prezzo totale concordato;<\/li>\n<li>Cancellazione meno di 8 giorni prima della data prevista di arrivo: 70% del prezzo totale concordato;<\/li>\n<li>La cancellazione deve essere effettuata con una dichiarazione scritta unilaterale e deve essere in possesso del locatore al pi\u00f9 tardi entro i periodi sopra indicati (4 settimane, 15 o 8 giorni) prima del giorno di arrivo concordato dell\u2019ospite (o degli ospiti).<\/li>\n<li>Se le camere prenotate non vengono prese in consegna per il periodo concordato senza disdetta, l\u2019ospite o il cliente \u00e8 tenuto a pagare il 70% del prezzo totale concordato.<\/li>\n<li>Il prezzo concordato \u00e8 il prezzo per l\u2019alloggio, i pasti e qualsiasi altro servizio.<\/li>\n<li>Se non tutti i posti letto prenotati sono occupati o cancellati, la percentuale si riferisce solo al prezzo concordato per i posti letto non occupati.<\/li>\n<\/ul>\n<p><strong>Disposizione in caso di partenza anticipata dell\u2019ospite:<\/strong><br \/>\nIn caso di partenza anticipata del\/dei cliente\/i, il\/gli cliente\/i \u00e8\/ono obbligato\/i a pagare il prezzo per i giorni goduti e a pagare il 70% del prezzo concordato per i servizi rimanenti ma non utilizzati.[\/vc_column_text][\/vc_tta_section][\/vc_tta_accordion][vc_column_text][\/vc_column_text][\/vc_column][\/vc_row]<\/p>\n<\/div>","protected":false},"excerpt":{"rendered":"<p>[vc_row][vc_column][vc_tta_accordion style=&#8221;flat&#8221; shape=&#8221;round&#8221; color=&#8221;mulled-wine&#8221; active_section=&#8221;1&#8243; collapsible_all=&#8221;true&#8221;][vc_tta_section title=&#8221;Quali servizi sono inclusi?&#8221; tab_id=&#8221;1553245995513-4f012b24-2548&#8243;][vc_column_text]Il prezzo include: Piscina all\u2019aperto in giardino Uso della lavanderia Utilizzo delle nostre strutture benessere (bagno turco,&#8230;<\/p>\n","protected":false},"author":1,"featured_media":0,"parent":0,"menu_order":0,"comment_status":"closed","ping_status":"closed","template":"","meta":{"footnotes":""},"class_list":["post-4978","page","type-page","status-publish","hentry"],"yoast_head":"<!-- This site is optimized with the Yoast SEO plugin v27.4 - https:\/\/yoast.com\/product\/yoast-seo-wordpress\/ -->\n<title>Fatti interessanti - Villa Residence Franziskus<\/title>\n<meta name=\"robots\" content=\"index, follow, max-snippet:-1, max-image-preview:large, max-video-preview:-1\" \/>\n<link rel=\"canonical\" href=\"https:\/\/franziskus.it\/wissenswertes-inklusivleistungen\/\" \/>\n<meta property=\"og:locale\" content=\"it_IT\" \/>\n<meta property=\"og:type\" content=\"article\" \/>\n<meta property=\"og:title\" content=\"Fatti interessanti - Villa Residence Franziskus\" \/>\n<meta property=\"og:description\" content=\"[vc_row][vc_column][vc_tta_accordion style=&#8221;flat&#8221; shape=&#8221;round&#8221; color=&#8221;mulled-wine&#8221; active_section=&#8221;1&#8243; collapsible_all=&#8221;true&#8221;][vc_tta_section title=&#8221;Quali servizi sono inclusi?&#8221; tab_id=&#8221;1553245995513-4f012b24-2548&#8243;][vc_column_text]Il prezzo include: Piscina all\u2019aperto in giardino Uso della lavanderia Utilizzo delle nostre strutture benessere (bagno turco,...\" \/>\n<meta property=\"og:url\" content=\"https:\/\/franziskus.it\/wissenswertes-inklusivleistungen\/\" \/>\n<meta property=\"og:site_name\" content=\"Villa Residence Franziskus\" \/>\n<meta property=\"article:publisher\" content=\"https:\/\/www.facebook.com\/p\/Villa-Residence-Franziskus-100063477395568\/\" \/>\n<meta property=\"article:modified_time\" content=\"2026-01-08T17:38:17+00:00\" \/>\n<meta name=\"twitter:card\" content=\"summary_large_image\" \/>\n<meta name=\"twitter:label1\" content=\"Tempo di lettura stimato\" \/>\n\t<meta name=\"twitter:data1\" content=\"7 minuti\" \/>\n<script type=\"application\/ld+json\" class=\"yoast-schema-graph\">{\"@context\":\"https:\\\/\\\/schema.org\",\"@graph\":[{\"@type\":\"WebPage\",\"@id\":\"https:\\\/\\\/franziskus.it\\\/wissenswertes-inklusivleistungen\\\/\",\"url\":\"https:\\\/\\\/franziskus.it\\\/wissenswertes-inklusivleistungen\\\/\",\"name\":\"Fatti interessanti - Villa Residence Franziskus\",\"isPartOf\":{\"@id\":\"https:\\\/\\\/franziskus.it\\\/#website\"},\"datePublished\":\"2014-01-30T18:47:23+00:00\",\"dateModified\":\"2026-01-08T17:38:17+00:00\",\"breadcrumb\":{\"@id\":\"https:\\\/\\\/franziskus.it\\\/wissenswertes-inklusivleistungen\\\/#breadcrumb\"},\"inLanguage\":\"it-IT\",\"potentialAction\":[{\"@type\":\"ReadAction\",\"target\":[\"https:\\\/\\\/franziskus.it\\\/wissenswertes-inklusivleistungen\\\/\"]}]},{\"@type\":\"BreadcrumbList\",\"@id\":\"https:\\\/\\\/franziskus.it\\\/wissenswertes-inklusivleistungen\\\/#breadcrumb\",\"itemListElement\":[{\"@type\":\"ListItem\",\"position\":1,\"name\":\"Startseite\",\"item\":\"https:\\\/\\\/franziskus.it\\\/\"},{\"@type\":\"ListItem\",\"position\":2,\"name\":\"Fatti interessanti\"}]},{\"@type\":\"WebSite\",\"@id\":\"https:\\\/\\\/franziskus.it\\\/#website\",\"url\":\"https:\\\/\\\/franziskus.it\\\/\",\"name\":\"Villa Residence Franziskus Appartments in Dorf Tirol\",\"description\":\"a Tirolo sopra Merano\",\"publisher\":{\"@id\":\"https:\\\/\\\/franziskus.it\\\/#organization\"},\"potentialAction\":[{\"@type\":\"SearchAction\",\"target\":{\"@type\":\"EntryPoint\",\"urlTemplate\":\"https:\\\/\\\/franziskus.it\\\/?s={search_term_string}\"},\"query-input\":{\"@type\":\"PropertyValueSpecification\",\"valueRequired\":true,\"valueName\":\"search_term_string\"}}],\"inLanguage\":\"it-IT\"},{\"@type\":\"Organization\",\"@id\":\"https:\\\/\\\/franziskus.it\\\/#organization\",\"name\":\"Villa Residence Franziskus\",\"url\":\"https:\\\/\\\/franziskus.it\\\/\",\"logo\":{\"@type\":\"ImageObject\",\"inLanguage\":\"it-IT\",\"@id\":\"https:\\\/\\\/franziskus.it\\\/#\\\/schema\\\/logo\\\/image\\\/\",\"url\":\"https:\\\/\\\/franziskus.it\\\/wp-content\\\/uploads\\\/2019\\\/03\\\/franziskus-residence-appartement-logo-01-5.png\",\"contentUrl\":\"https:\\\/\\\/franziskus.it\\\/wp-content\\\/uploads\\\/2019\\\/03\\\/franziskus-residence-appartement-logo-01-5.png\",\"width\":500,\"height\":500,\"caption\":\"Villa Residence Franziskus\"},\"image\":{\"@id\":\"https:\\\/\\\/franziskus.it\\\/#\\\/schema\\\/logo\\\/image\\\/\"},\"sameAs\":[\"https:\\\/\\\/www.facebook.com\\\/p\\\/Villa-Residence-Franziskus-100063477395568\\\/\",\"https:\\\/\\\/www.instagram.com\\\/villa_franziskus\\\/\"]}]}<\/script>\n<!-- \/ Yoast SEO plugin. -->","yoast_head_json":{"title":"Fatti interessanti - Villa Residence Franziskus","robots":{"index":"index","follow":"follow","max-snippet":"max-snippet:-1","max-image-preview":"max-image-preview:large","max-video-preview":"max-video-preview:-1"},"canonical":"https:\/\/franziskus.it\/wissenswertes-inklusivleistungen\/","og_locale":"it_IT","og_type":"article","og_title":"Fatti interessanti - Villa Residence Franziskus","og_description":"[vc_row][vc_column][vc_tta_accordion style=&#8221;flat&#8221; shape=&#8221;round&#8221; color=&#8221;mulled-wine&#8221; active_section=&#8221;1&#8243; collapsible_all=&#8221;true&#8221;][vc_tta_section title=&#8221;Quali servizi sono inclusi?&#8221; tab_id=&#8221;1553245995513-4f012b24-2548&#8243;][vc_column_text]Il prezzo include: Piscina all\u2019aperto in giardino Uso della lavanderia Utilizzo delle nostre strutture benessere (bagno turco,...","og_url":"https:\/\/franziskus.it\/wissenswertes-inklusivleistungen\/","og_site_name":"Villa Residence Franziskus","article_publisher":"https:\/\/www.facebook.com\/p\/Villa-Residence-Franziskus-100063477395568\/","article_modified_time":"2026-01-08T17:38:17+00:00","twitter_card":"summary_large_image","twitter_misc":{"Tempo di lettura stimato":"7 minuti"},"schema":{"@context":"https:\/\/schema.org","@graph":[{"@type":"WebPage","@id":"https:\/\/franziskus.it\/wissenswertes-inklusivleistungen\/","url":"https:\/\/franziskus.it\/wissenswertes-inklusivleistungen\/","name":"Fatti interessanti - Villa Residence Franziskus","isPartOf":{"@id":"https:\/\/franziskus.it\/#website"},"datePublished":"2014-01-30T18:47:23+00:00","dateModified":"2026-01-08T17:38:17+00:00","breadcrumb":{"@id":"https:\/\/franziskus.it\/wissenswertes-inklusivleistungen\/#breadcrumb"},"inLanguage":"it-IT","potentialAction":[{"@type":"ReadAction","target":["https:\/\/franziskus.it\/wissenswertes-inklusivleistungen\/"]}]},{"@type":"BreadcrumbList","@id":"https:\/\/franziskus.it\/wissenswertes-inklusivleistungen\/#breadcrumb","itemListElement":[{"@type":"ListItem","position":1,"name":"Startseite","item":"https:\/\/franziskus.it\/"},{"@type":"ListItem","position":2,"name":"Fatti interessanti"}]},{"@type":"WebSite","@id":"https:\/\/franziskus.it\/#website","url":"https:\/\/franziskus.it\/","name":"Villa Residence Franziskus Appartments in Dorf Tirol","description":"a Tirolo sopra Merano","publisher":{"@id":"https:\/\/franziskus.it\/#organization"},"potentialAction":[{"@type":"SearchAction","target":{"@type":"EntryPoint","urlTemplate":"https:\/\/franziskus.it\/?s={search_term_string}"},"query-input":{"@type":"PropertyValueSpecification","valueRequired":true,"valueName":"search_term_string"}}],"inLanguage":"it-IT"},{"@type":"Organization","@id":"https:\/\/franziskus.it\/#organization","name":"Villa Residence Franziskus","url":"https:\/\/franziskus.it\/","logo":{"@type":"ImageObject","inLanguage":"it-IT","@id":"https:\/\/franziskus.it\/#\/schema\/logo\/image\/","url":"https:\/\/franziskus.it\/wp-content\/uploads\/2019\/03\/franziskus-residence-appartement-logo-01-5.png","contentUrl":"https:\/\/franziskus.it\/wp-content\/uploads\/2019\/03\/franziskus-residence-appartement-logo-01-5.png","width":500,"height":500,"caption":"Villa Residence Franziskus"},"image":{"@id":"https:\/\/franziskus.it\/#\/schema\/logo\/image\/"},"sameAs":["https:\/\/www.facebook.com\/p\/Villa-Residence-Franziskus-100063477395568\/","https:\/\/www.instagram.com\/villa_franziskus\/"]}]}},"jetpack_sharing_enabled":true,"_links":{"self":[{"href":"https:\/\/franziskus.it\/it\/wp-json\/wp\/v2\/pages\/4978","targetHints":{"allow":["GET"]}}],"collection":[{"href":"https:\/\/franziskus.it\/it\/wp-json\/wp\/v2\/pages"}],"about":[{"href":"https:\/\/franziskus.it\/it\/wp-json\/wp\/v2\/types\/page"}],"author":[{"embeddable":true,"href":"https:\/\/franziskus.it\/it\/wp-json\/wp\/v2\/users\/1"}],"replies":[{"embeddable":true,"href":"https:\/\/franziskus.it\/it\/wp-json\/wp\/v2\/comments?post=4978"}],"version-history":[{"count":1,"href":"https:\/\/franziskus.it\/it\/wp-json\/wp\/v2\/pages\/4978\/revisions"}],"predecessor-version":[{"id":11207,"href":"https:\/\/franziskus.it\/it\/wp-json\/wp\/v2\/pages\/4978\/revisions\/11207"}],"wp:attachment":[{"href":"https:\/\/franziskus.it\/it\/wp-json\/wp\/v2\/media?parent=4978"}],"curies":[{"name":"wp","href":"https:\/\/api.w.org\/{rel}","templated":true}]}}