{"id":4905,"date":"2019-03-19T16:39:45","date_gmt":"2019-03-19T14:39:45","guid":{"rendered":"http:\/\/www.franziskus.it\/familie-2\/"},"modified":"2019-03-29T21:11:30","modified_gmt":"2019-03-29T19:11:30","slug":"appartamenti-per-famiglie-bambini-bebe-family","status":"publish","type":"page","link":"https:\/\/franziskus.it\/it\/appartamenti-per-famiglie-bambini-bebe-family\/","title":{"rendered":"Famiglia"},"content":{"rendered":"<div class=\"wpb-content-wrapper\"><p>[vc_row el_class=&#8221;test&#8221;][vc_column][vc_column_text]<em>Avere tempo l&#8217;uno per l&#8217;altro \u00e8 il regalo pi\u00f9 bello.<\/em>[\/vc_column_text][vc_row_inner][vc_column_inner width=&#8221;1\/2&#8243;][vc_single_image image=&#8221;4625&#8243; img_size=&#8221;full&#8221; onclick=&#8221;link_image&#8221;][\/vc_column_inner][vc_column_inner width=&#8221;1\/2&#8243;][vc_column_text css=&#8221;.vc_custom_1553873973363{padding-left: 20px !important;}&#8221;]<strong>Parco giochi nel nostro giardino<\/strong><\/p>\n<p>Direttamente nel nostro Residence abbiamo creato un bellissimo parco giochi. Si trova direttamente accanto alla piscina esterna e dai lettini.[\/vc_column_text][\/vc_column_inner][\/vc_row_inner][vc_row_inner][vc_column_inner width=&#8221;1\/2&#8243;][vc_single_image image=&#8221;4617&#8243; img_size=&#8221;full&#8221; onclick=&#8221;link_image&#8221;][\/vc_column_inner][vc_column_inner width=&#8221;1\/2&#8243;][vc_column_text css=&#8221;.vc_custom_1553874032275{padding-left: 20px !important;}&#8221;]<strong>Burglehenpark a Tirolo<\/strong> \u2013 a pochi passi da noi<br \/>\nIl parco, dove \u00e8 possibile soffermarsi, rilassarsi e giocare, offre una magnifica vista panoramica a 360\u00b0 sull&#8217;area circostante e invita al relax e al divertimento.[\/vc_column_text][\/vc_column_inner][\/vc_row_inner][vc_row_inner][vc_column_inner width=&#8221;1\/2&#8243;][vc_single_image image=&#8221;4613&#8243; img_size=&#8221;full&#8221; onclick=&#8221;link_image&#8221;][\/vc_column_inner][vc_column_inner width=&#8221;1\/2&#8243;][vc_column_text css=&#8221;.vc_custom_1553874084858{padding-left: 20px !important;}&#8221;]<strong>Centro ornitologico e spettacolo di volo degli uccelli rapaci<\/strong><\/p>\n<p>Un&#8217;avventura per tutta la famiglia. Il centro per la cura della fauna ornitologica di Castel Tirolo si trova direttamente sulla collina del castello. Qui si svolgono quotidianamente dimostrazioni di volo con rapaci e gufi.[\/vc_column_text][\/vc_column_inner][\/vc_row_inner][vc_row_inner][vc_column_inner width=&#8221;1\/2&#8243;][vc_single_image image=&#8221;4618&#8243; img_size=&#8221;full&#8221; onclick=&#8221;link_image&#8221;][\/vc_column_inner][vc_column_inner width=&#8221;1\/2&#8243;][vc_column_text css=&#8221;.vc_custom_1553874162638{padding-left: 20px !important;}&#8221;]<strong>Minigolf &amp; altro<\/strong><\/p>\n<p>Nelle immediate vicinanze sono disponibili un campo da mini golf, campi da tennis e da beach volley.[\/vc_column_text][\/vc_column_inner][\/vc_row_inner][vc_row_inner][vc_column_inner width=&#8221;1\/2&#8243;][vc_single_image image=&#8221;4620&#8243; img_size=&#8221;full&#8221; onclick=&#8221;link_image&#8221;][\/vc_column_inner][vc_column_inner width=&#8221;1\/2&#8243;][vc_column_text css=&#8221;.vc_custom_1553874249418{padding-left: 20px !important;}&#8221;]<strong>Meravigliosi sentieri per escursioni e passeggiate<\/strong><\/p>\n<p>Direttamente dal nostro Residence \u00e8 possibile raggiungere facilmente e velocemente i pi\u00f9 bei sentieri escursionistici del Burgraviato Passeggiate ed escursioni (con o senza passeggino) vi invitano a scoprirle.[\/vc_column_text][\/vc_column_inner][\/vc_row_inner][vc_row_inner][vc_column_inner width=&#8221;1\/2&#8243;][vc_single_image image=&#8221;4640&#8243; img_size=&#8221;full&#8221; onclick=&#8221;link_image&#8221;][\/vc_column_inner][vc_column_inner width=&#8221;1\/2&#8243;][vc_column_text css=&#8221;.vc_custom_1553874312181{padding-left: 20px !important;}&#8221;]<strong>Mondo animale Rainguthof<\/strong><\/p>\n<p>In questa piccola, rustica e vecchia fattoria di montagna vivono molti piccoli animali come pony, capre nane, pavoni, pavoni, cavalli, pecore nane, maiali di lana, asini, anatre, oche &#8230;.[\/vc_column_text][\/vc_column_inner][\/vc_row_inner][vc_column_text]Auf Anfrage stellen wir Ihnen <strong>kostenlos Gitterbettchen und Hochstuhl<\/strong> f\u00fcr unsere kleinen G\u00e4ste zur Verf\u00fcgung.[\/vc_column_text][vc_column_text]<a href=\"https:\/\/villafranziskus.com\/wp-content\/uploads\/2019\/03\/kinderbroschuere-dorf-tirol-deu.pdf\">Hier finden Sie das komplette Freizeitprogamm f\u00fcr Kinder zum Download &gt;<\/a>[\/vc_column_text][\/vc_column][\/vc_row]<\/p>\n<\/div>","protected":false},"excerpt":{"rendered":"<p>[vc_row el_class=&#8221;test&#8221;][vc_column][vc_column_text]Avere tempo l&#8217;uno per l&#8217;altro \u00e8 il regalo pi\u00f9 bello.[\/vc_column_text][vc_row_inner][vc_column_inner width=&#8221;1\/2&#8243;][vc_single_image image=&#8221;4625&#8243; img_size=&#8221;full&#8221; onclick=&#8221;link_image&#8221;][\/vc_column_inner][vc_column_inner width=&#8221;1\/2&#8243;][vc_column_text css=&#8221;.vc_custom_1553873973363{padding-left: 20px !important;}&#8221;]Parco giochi nel nostro giardino Direttamente nel nostro Residence&#8230;<\/p>\n","protected":false},"author":1,"featured_media":0,"parent":0,"menu_order":0,"comment_status":"closed","ping_status":"closed","template":"","meta":{"footnotes":""},"class_list":["post-4905","page","type-page","status-publish","hentry"],"yoast_head":"<!-- This site is optimized with the Yoast SEO plugin v27.5 - https:\/\/yoast.com\/product\/yoast-seo-wordpress\/ -->\n<title>Famiglia - Villa Residence Franziskus<\/title>\n<meta name=\"robots\" content=\"index, follow, max-snippet:-1, max-image-preview:large, max-video-preview:-1\" \/>\n<link rel=\"canonical\" href=\"https:\/\/franziskus.it\/it\/appartamenti-per-famiglie-bambini-bebe-family\/\" \/>\n<meta property=\"og:locale\" content=\"it_IT\" \/>\n<meta property=\"og:type\" content=\"article\" \/>\n<meta property=\"og:title\" content=\"Famiglia - Villa Residence Franziskus\" \/>\n<meta property=\"og:description\" content=\"[vc_row el_class=&#8221;test&#8221;][vc_column][vc_column_text]Avere tempo l&#8217;uno per l&#8217;altro \u00e8 il regalo pi\u00f9 bello.[\/vc_column_text][vc_row_inner][vc_column_inner width=&#8221;1\/2&#8243;][vc_single_image image=&#8221;4625&#8243; img_size=&#8221;full&#8221; onclick=&#8221;link_image&#8221;][\/vc_column_inner][vc_column_inner width=&#8221;1\/2&#8243;][vc_column_text css=&#8221;.vc_custom_1553873973363{padding-left: 20px !important;}&#8221;]Parco giochi nel nostro giardino Direttamente nel nostro Residence...\" \/>\n<meta property=\"og:url\" content=\"https:\/\/franziskus.it\/it\/appartamenti-per-famiglie-bambini-bebe-family\/\" \/>\n<meta property=\"og:site_name\" content=\"Villa Residence Franziskus\" \/>\n<meta property=\"article:publisher\" content=\"https:\/\/www.facebook.com\/p\/Villa-Residence-Franziskus-100063477395568\/\" \/>\n<meta property=\"article:modified_time\" content=\"2019-03-29T19:11:30+00:00\" \/>\n<meta name=\"twitter:card\" content=\"summary_large_image\" \/>\n<meta name=\"twitter:label1\" content=\"Tempo di lettura stimato\" \/>\n\t<meta name=\"twitter:data1\" content=\"3 minuti\" \/>\n<script type=\"application\/ld+json\" class=\"yoast-schema-graph\">{\"@context\":\"https:\\\/\\\/schema.org\",\"@graph\":[{\"@type\":\"WebPage\",\"@id\":\"https:\\\/\\\/franziskus.it\\\/it\\\/appartamenti-per-famiglie-bambini-bebe-family\\\/\",\"url\":\"https:\\\/\\\/franziskus.it\\\/it\\\/appartamenti-per-famiglie-bambini-bebe-family\\\/\",\"name\":\"Famiglia - Villa Residence Franziskus\",\"isPartOf\":{\"@id\":\"https:\\\/\\\/franziskus.it\\\/#website\"},\"datePublished\":\"2019-03-19T14:39:45+00:00\",\"dateModified\":\"2019-03-29T19:11:30+00:00\",\"breadcrumb\":{\"@id\":\"https:\\\/\\\/franziskus.it\\\/it\\\/appartamenti-per-famiglie-bambini-bebe-family\\\/#breadcrumb\"},\"inLanguage\":\"it-IT\",\"potentialAction\":[{\"@type\":\"ReadAction\",\"target\":[\"https:\\\/\\\/franziskus.it\\\/it\\\/appartamenti-per-famiglie-bambini-bebe-family\\\/\"]}]},{\"@type\":\"BreadcrumbList\",\"@id\":\"https:\\\/\\\/franziskus.it\\\/it\\\/appartamenti-per-famiglie-bambini-bebe-family\\\/#breadcrumb\",\"itemListElement\":[{\"@type\":\"ListItem\",\"position\":1,\"name\":\"Startseite\",\"item\":\"https:\\\/\\\/franziskus.it\\\/\"},{\"@type\":\"ListItem\",\"position\":2,\"name\":\"Famiglia\"}]},{\"@type\":\"WebSite\",\"@id\":\"https:\\\/\\\/franziskus.it\\\/#website\",\"url\":\"https:\\\/\\\/franziskus.it\\\/\",\"name\":\"Villa Residence Franziskus Appartments in Dorf Tirol\",\"description\":\"a Tirolo sopra Merano\",\"publisher\":{\"@id\":\"https:\\\/\\\/franziskus.it\\\/#organization\"},\"potentialAction\":[{\"@type\":\"SearchAction\",\"target\":{\"@type\":\"EntryPoint\",\"urlTemplate\":\"https:\\\/\\\/franziskus.it\\\/?s={search_term_string}\"},\"query-input\":{\"@type\":\"PropertyValueSpecification\",\"valueRequired\":true,\"valueName\":\"search_term_string\"}}],\"inLanguage\":\"it-IT\"},{\"@type\":\"Organization\",\"@id\":\"https:\\\/\\\/franziskus.it\\\/#organization\",\"name\":\"Villa Residence Franziskus\",\"url\":\"https:\\\/\\\/franziskus.it\\\/\",\"logo\":{\"@type\":\"ImageObject\",\"inLanguage\":\"it-IT\",\"@id\":\"https:\\\/\\\/franziskus.it\\\/#\\\/schema\\\/logo\\\/image\\\/\",\"url\":\"https:\\\/\\\/franziskus.it\\\/wp-content\\\/uploads\\\/2019\\\/03\\\/franziskus-residence-appartement-logo-01-5.png\",\"contentUrl\":\"https:\\\/\\\/franziskus.it\\\/wp-content\\\/uploads\\\/2019\\\/03\\\/franziskus-residence-appartement-logo-01-5.png\",\"width\":500,\"height\":500,\"caption\":\"Villa Residence Franziskus\"},\"image\":{\"@id\":\"https:\\\/\\\/franziskus.it\\\/#\\\/schema\\\/logo\\\/image\\\/\"},\"sameAs\":[\"https:\\\/\\\/www.facebook.com\\\/p\\\/Villa-Residence-Franziskus-100063477395568\\\/\",\"https:\\\/\\\/www.instagram.com\\\/villa_franziskus\\\/\"]}]}<\/script>\n<!-- \/ Yoast SEO plugin. -->","yoast_head_json":{"title":"Famiglia - Villa Residence Franziskus","robots":{"index":"index","follow":"follow","max-snippet":"max-snippet:-1","max-image-preview":"max-image-preview:large","max-video-preview":"max-video-preview:-1"},"canonical":"https:\/\/franziskus.it\/it\/appartamenti-per-famiglie-bambini-bebe-family\/","og_locale":"it_IT","og_type":"article","og_title":"Famiglia - Villa Residence Franziskus","og_description":"[vc_row el_class=&#8221;test&#8221;][vc_column][vc_column_text]Avere tempo l&#8217;uno per l&#8217;altro \u00e8 il regalo pi\u00f9 bello.[\/vc_column_text][vc_row_inner][vc_column_inner width=&#8221;1\/2&#8243;][vc_single_image image=&#8221;4625&#8243; img_size=&#8221;full&#8221; onclick=&#8221;link_image&#8221;][\/vc_column_inner][vc_column_inner width=&#8221;1\/2&#8243;][vc_column_text css=&#8221;.vc_custom_1553873973363{padding-left: 20px !important;}&#8221;]Parco giochi nel nostro giardino Direttamente nel nostro Residence...","og_url":"https:\/\/franziskus.it\/it\/appartamenti-per-famiglie-bambini-bebe-family\/","og_site_name":"Villa Residence Franziskus","article_publisher":"https:\/\/www.facebook.com\/p\/Villa-Residence-Franziskus-100063477395568\/","article_modified_time":"2019-03-29T19:11:30+00:00","twitter_card":"summary_large_image","twitter_misc":{"Tempo di lettura stimato":"3 minuti"},"schema":{"@context":"https:\/\/schema.org","@graph":[{"@type":"WebPage","@id":"https:\/\/franziskus.it\/it\/appartamenti-per-famiglie-bambini-bebe-family\/","url":"https:\/\/franziskus.it\/it\/appartamenti-per-famiglie-bambini-bebe-family\/","name":"Famiglia - Villa Residence Franziskus","isPartOf":{"@id":"https:\/\/franziskus.it\/#website"},"datePublished":"2019-03-19T14:39:45+00:00","dateModified":"2019-03-29T19:11:30+00:00","breadcrumb":{"@id":"https:\/\/franziskus.it\/it\/appartamenti-per-famiglie-bambini-bebe-family\/#breadcrumb"},"inLanguage":"it-IT","potentialAction":[{"@type":"ReadAction","target":["https:\/\/franziskus.it\/it\/appartamenti-per-famiglie-bambini-bebe-family\/"]}]},{"@type":"BreadcrumbList","@id":"https:\/\/franziskus.it\/it\/appartamenti-per-famiglie-bambini-bebe-family\/#breadcrumb","itemListElement":[{"@type":"ListItem","position":1,"name":"Startseite","item":"https:\/\/franziskus.it\/"},{"@type":"ListItem","position":2,"name":"Famiglia"}]},{"@type":"WebSite","@id":"https:\/\/franziskus.it\/#website","url":"https:\/\/franziskus.it\/","name":"Villa Residence Franziskus Appartments in Dorf Tirol","description":"a Tirolo sopra Merano","publisher":{"@id":"https:\/\/franziskus.it\/#organization"},"potentialAction":[{"@type":"SearchAction","target":{"@type":"EntryPoint","urlTemplate":"https:\/\/franziskus.it\/?s={search_term_string}"},"query-input":{"@type":"PropertyValueSpecification","valueRequired":true,"valueName":"search_term_string"}}],"inLanguage":"it-IT"},{"@type":"Organization","@id":"https:\/\/franziskus.it\/#organization","name":"Villa Residence Franziskus","url":"https:\/\/franziskus.it\/","logo":{"@type":"ImageObject","inLanguage":"it-IT","@id":"https:\/\/franziskus.it\/#\/schema\/logo\/image\/","url":"https:\/\/franziskus.it\/wp-content\/uploads\/2019\/03\/franziskus-residence-appartement-logo-01-5.png","contentUrl":"https:\/\/franziskus.it\/wp-content\/uploads\/2019\/03\/franziskus-residence-appartement-logo-01-5.png","width":500,"height":500,"caption":"Villa Residence Franziskus"},"image":{"@id":"https:\/\/franziskus.it\/#\/schema\/logo\/image\/"},"sameAs":["https:\/\/www.facebook.com\/p\/Villa-Residence-Franziskus-100063477395568\/","https:\/\/www.instagram.com\/villa_franziskus\/"]}]}},"jetpack_sharing_enabled":true,"_links":{"self":[{"href":"https:\/\/franziskus.it\/it\/wp-json\/wp\/v2\/pages\/4905","targetHints":{"allow":["GET"]}}],"collection":[{"href":"https:\/\/franziskus.it\/it\/wp-json\/wp\/v2\/pages"}],"about":[{"href":"https:\/\/franziskus.it\/it\/wp-json\/wp\/v2\/types\/page"}],"author":[{"embeddable":true,"href":"https:\/\/franziskus.it\/it\/wp-json\/wp\/v2\/users\/1"}],"replies":[{"embeddable":true,"href":"https:\/\/franziskus.it\/it\/wp-json\/wp\/v2\/comments?post=4905"}],"version-history":[{"count":0,"href":"https:\/\/franziskus.it\/it\/wp-json\/wp\/v2\/pages\/4905\/revisions"}],"wp:attachment":[{"href":"https:\/\/franziskus.it\/it\/wp-json\/wp\/v2\/media?parent=4905"}],"curies":[{"name":"wp","href":"https:\/\/api.w.org\/{rel}","templated":true}]}}