{"id":2213,"date":"2014-02-15T10:54:11","date_gmt":"2014-02-15T08:54:11","guid":{"rendered":"http:\/\/www.franziskus.it\/?page_id=2213"},"modified":"2024-12-11T09:46:42","modified_gmt":"2024-12-11T08:46:42","slug":"colofone","status":"publish","type":"page","link":"https:\/\/franziskus.it\/it\/colofone\/","title":{"rendered":"Colofone"},"content":{"rendered":"<div class=\"wpb-content-wrapper\"><p>[vc_row][vc_column][vc_column_text]<strong>Responsabile:<\/strong><br \/>\nPanorama \u2013 Schlecht\u2019n Seppl srls<br \/>\nVia principale 5<br \/>\n39019 Tirolo<br \/>\nTel. +39 347 8159410<br \/>\nPart.IVA: IT02814800211<br \/>\nCIN: IT021101B44QSLZUJH<\/p>\n<p><strong>Indirizzo email del Titolare:<br \/>\n<\/strong>info@franziskus.it<\/p>\n<p><strong>Foto<\/strong><br \/>\nVilla Franziskus \u2013 Philip G\u00f6tsch<br \/>\nIDM<br \/>\nTourismusverein Dorf Tirol<\/p>\n<h2>Esclusione di responsabilit\u00e0<\/h2>\n<p>1. Contenuto dell&#8217;offerta on-line<br \/>\nL&#8217;autore non si assume alcuna responsabilit\u00e0 in merito all&#8217;attualit\u00e0, alla correttezza, alla completezza o alla qualit\u00e0 delle informazioni messe a disposizione. \u00c8 esclusa qualunque azione di responsabilit\u00e0 nei confronti dell&#8217;autore per danni materiali o ideali, derivanti dall&#8217;utilizzo o dal non utilizzo delle informazioni fornite ovvero dall&#8217;utilizzo d&#8217;informazioni errate o incomplete, qualora non sia possibile dimostrare l&#8217;intenzionalit\u00e0 o la colpa grave da parte dell&#8217;autore.<br \/>\nTutte le offerte sono libere e non vincolanti. L&#8217;autore si riserva espressamente il diritto di modificare, integrare, eliminare parti di pagine o l&#8217;intera offerta senza alcun preannuncio o di sospenderne temporaneamente o definitivamente la pubblicazione.<\/p>\n<p>2. Avvisi e link Nel caso d&#8217;informazioni dirette o indirette relative a siti internet di terzi (&#8220;hyperlink&#8221;) che non sono state elaborate dall&#8217;autore, la responsabilit\u00e0 di quest&#8217;ultimo sussisterebbe esclusivamente nel caso in cui egli fosse a conoscenza dei contenuti e tecnicamente in grado di impedirne la pubblicazione in caso di contenuti contrari alla legge.<br \/>\nL&#8217;autore dichiara che, al momento dell&#8217;inserimento dei link, non erano riconoscibili contenuti illegali nelle pagine di detti siti esterni. L&#8217;autore dichiara, inoltre, di non avere alcuna influenza per quanto riguarda l&#8217;impostazione attuale e futura, i contenuti e i diritti d&#8217;autore delle pagine collegate al sito. Pertanto, l&#8217;autore dissocia le proprie responsabilit\u00e0 dai contenuti di tutte le pagine collegate al sito, modificate successivamente all&#8217;inserimento del link. Ci\u00f2 vale per tutti gli avvisi e i link contenuti all&#8217;interno della propria offerta on-line, nonch\u00e9 per qualunque nota esterna inserita nei libri degli ospiti, nei forum di discussione, negli elenchi di link, nelle mailing list e in tutte le altre banche dati ai cui contenuti sono consentiti l&#8217;accesso e la modifica da parte di terzi. Per quanto riguarda i contenuti illegali, non corretti o incompleti e, in particolare, per danni derivanti dall&#8217;utilizzo o dal non utilizzo di tali informazioni, \u00e8 responsabile unicamente l&#8217;autore del sito esterno collegato mediante link e non colui che mediante il link fa solo riferimento alle diverse pubblicazioni.<\/p>\n<p>3. Diritto d&#8217;autore e contrassegno<br \/>\nL&#8217;autore s&#8217;impegna a rispettare, in tutte le pubblicazioni, i diritti d&#8217;autore relativi alla grafica, ai suoni, alle immagini, ai testi; ad utilizzare grafici, suoni, immagini e testi da esso stesso realizzati o la cui utilizzazione non prevede una licenza.<br \/>\nTutte le marche e i marchi di fabbrica registrati eventualmente tramite terzi, indicati all&#8217;interno dell&#8217;offerta on-line, sono soggetti illimitatamente alle norme del contrassegno e al diritto di propriet\u00e0 relativo ai rispettivi proprietari registrati.<br \/>\nLa sola menzione non presuppone che i marchi non siano registrati per diritto dei terzi!<br \/>\nIl copyright degli oggetti elaborati e pubblicati dall&#8217;autore spetta esclusivamente a quest&#8217;ultimo.<br \/>\n\u00c8 vietata la riproduzione o l&#8217;utilizzazione di tali grafici, suoni, immagini e testi all&#8217;interno di pubblicazioni elettroniche e non, senza l&#8217;espresso consenso dell&#8217;autore.<\/p>\n<p>4. Tutela dei dati<br \/>\nQualora, nell&#8217;ambito dell&#8217;offerta on-line, sussista la possibilit\u00e0 di inserire dati personali o relativi alla professione (indirizzi e-mail, nomi, indirizzi), questi dati vengono forniti liberamente da parte dell&#8217;utente. L&#8217;utilizzo e il pagamento di tutti i servizi offerti, qualora tecnicamente possibile, pu\u00f2 avvenire anche senza indicazione di tali dati, in forma anonima o sotto pseudonimo. Non \u00e8 consentito a terzi l&#8217;utilizzo dei dati di contatto pubblicati nel colofone o sotto forma analoga, quali l&#8217;indirizzo postale, il numero di telefono e di fax o l&#8217;indirizzo e-mail, al fine dell&#8217;invio di comunicazioni o informazioni non espressamente richieste. L&#8217;autore si riserva espressamente il diritto di intraprendere azioni legali contro i mittenti delle cosiddette e-mail di &#8220;spam&#8221;, in violazione al presente divieto.<\/p>\n<p>5. Efficacia giuridica della clausola di esclusione di responsabilit\u00e0<br \/>\nQualora talune parti o intere espressioni del presente testo non corrispondessero completamente o non corrispondessero pi\u00f9 alla situazione giuridica vigente, le altre parti del documento rimangono integre per contenuto ed efficacia.[\/vc_column_text][\/vc_column][\/vc_row]<\/p>\n<\/div>","protected":false},"excerpt":{"rendered":"<p>[vc_row][vc_column][vc_column_text]Responsabile: Panorama \u2013 Schlecht\u2019n Seppl srls Via principale 5 39019 Tirolo Tel. +39 347 8159410 Part.IVA: IT02814800211 CIN: IT021101B44QSLZUJH Indirizzo email del Titolare: info@franziskus.it Foto Villa Franziskus&#8230;<\/p>\n","protected":false},"author":1,"featured_media":0,"parent":0,"menu_order":0,"comment_status":"closed","ping_status":"closed","template":"","meta":{"footnotes":""},"class_list":["post-2213","page","type-page","status-publish","hentry"],"yoast_head":"<!-- This site is optimized with the Yoast SEO plugin v27.4 - https:\/\/yoast.com\/product\/yoast-seo-wordpress\/ -->\n<title>Colofone - Villa Residence Franziskus<\/title>\n<meta name=\"robots\" content=\"index, follow, max-snippet:-1, max-image-preview:large, max-video-preview:-1\" \/>\n<link rel=\"canonical\" href=\"https:\/\/franziskus.it\/it\/colofone\/\" \/>\n<meta property=\"og:locale\" content=\"it_IT\" \/>\n<meta property=\"og:type\" content=\"article\" \/>\n<meta property=\"og:title\" content=\"Colofone - Villa Residence Franziskus\" \/>\n<meta property=\"og:description\" content=\"[vc_row][vc_column][vc_column_text]Responsabile: Panorama \u2013 Schlecht\u2019n Seppl srls Via principale 5 39019 Tirolo Tel. +39 347 8159410 Part.IVA: IT02814800211 CIN: IT021101B44QSLZUJH Indirizzo email del Titolare: info@franziskus.it Foto Villa Franziskus...\" \/>\n<meta property=\"og:url\" content=\"https:\/\/franziskus.it\/it\/colofone\/\" \/>\n<meta property=\"og:site_name\" content=\"Villa Residence Franziskus\" \/>\n<meta property=\"article:publisher\" content=\"https:\/\/www.facebook.com\/p\/Villa-Residence-Franziskus-100063477395568\/\" \/>\n<meta property=\"article:modified_time\" content=\"2024-12-11T08:46:42+00:00\" \/>\n<meta name=\"twitter:card\" content=\"summary_large_image\" \/>\n<meta name=\"twitter:label1\" content=\"Tempo di lettura stimato\" \/>\n\t<meta name=\"twitter:data1\" content=\"3 minuti\" \/>\n<script type=\"application\/ld+json\" class=\"yoast-schema-graph\">{\"@context\":\"https:\\\/\\\/schema.org\",\"@graph\":[{\"@type\":\"WebPage\",\"@id\":\"https:\\\/\\\/franziskus.it\\\/it\\\/colofone\\\/\",\"url\":\"https:\\\/\\\/franziskus.it\\\/it\\\/colofone\\\/\",\"name\":\"Colofone - Villa Residence Franziskus\",\"isPartOf\":{\"@id\":\"https:\\\/\\\/franziskus.it\\\/#website\"},\"datePublished\":\"2014-02-15T08:54:11+00:00\",\"dateModified\":\"2024-12-11T08:46:42+00:00\",\"breadcrumb\":{\"@id\":\"https:\\\/\\\/franziskus.it\\\/it\\\/colofone\\\/#breadcrumb\"},\"inLanguage\":\"it-IT\",\"potentialAction\":[{\"@type\":\"ReadAction\",\"target\":[\"https:\\\/\\\/franziskus.it\\\/it\\\/colofone\\\/\"]}]},{\"@type\":\"BreadcrumbList\",\"@id\":\"https:\\\/\\\/franziskus.it\\\/it\\\/colofone\\\/#breadcrumb\",\"itemListElement\":[{\"@type\":\"ListItem\",\"position\":1,\"name\":\"Startseite\",\"item\":\"https:\\\/\\\/franziskus.it\\\/\"},{\"@type\":\"ListItem\",\"position\":2,\"name\":\"Colofone\"}]},{\"@type\":\"WebSite\",\"@id\":\"https:\\\/\\\/franziskus.it\\\/#website\",\"url\":\"https:\\\/\\\/franziskus.it\\\/\",\"name\":\"Villa Residence Franziskus Appartments in Dorf Tirol\",\"description\":\"a Tirolo sopra Merano\",\"publisher\":{\"@id\":\"https:\\\/\\\/franziskus.it\\\/#organization\"},\"potentialAction\":[{\"@type\":\"SearchAction\",\"target\":{\"@type\":\"EntryPoint\",\"urlTemplate\":\"https:\\\/\\\/franziskus.it\\\/?s={search_term_string}\"},\"query-input\":{\"@type\":\"PropertyValueSpecification\",\"valueRequired\":true,\"valueName\":\"search_term_string\"}}],\"inLanguage\":\"it-IT\"},{\"@type\":\"Organization\",\"@id\":\"https:\\\/\\\/franziskus.it\\\/#organization\",\"name\":\"Villa Residence Franziskus\",\"url\":\"https:\\\/\\\/franziskus.it\\\/\",\"logo\":{\"@type\":\"ImageObject\",\"inLanguage\":\"it-IT\",\"@id\":\"https:\\\/\\\/franziskus.it\\\/#\\\/schema\\\/logo\\\/image\\\/\",\"url\":\"https:\\\/\\\/franziskus.it\\\/wp-content\\\/uploads\\\/2019\\\/03\\\/franziskus-residence-appartement-logo-01-5.png\",\"contentUrl\":\"https:\\\/\\\/franziskus.it\\\/wp-content\\\/uploads\\\/2019\\\/03\\\/franziskus-residence-appartement-logo-01-5.png\",\"width\":500,\"height\":500,\"caption\":\"Villa Residence Franziskus\"},\"image\":{\"@id\":\"https:\\\/\\\/franziskus.it\\\/#\\\/schema\\\/logo\\\/image\\\/\"},\"sameAs\":[\"https:\\\/\\\/www.facebook.com\\\/p\\\/Villa-Residence-Franziskus-100063477395568\\\/\",\"https:\\\/\\\/www.instagram.com\\\/villa_franziskus\\\/\"]}]}<\/script>\n<!-- \/ Yoast SEO plugin. -->","yoast_head_json":{"title":"Colofone - Villa Residence Franziskus","robots":{"index":"index","follow":"follow","max-snippet":"max-snippet:-1","max-image-preview":"max-image-preview:large","max-video-preview":"max-video-preview:-1"},"canonical":"https:\/\/franziskus.it\/it\/colofone\/","og_locale":"it_IT","og_type":"article","og_title":"Colofone - Villa Residence Franziskus","og_description":"[vc_row][vc_column][vc_column_text]Responsabile: Panorama \u2013 Schlecht\u2019n Seppl srls Via principale 5 39019 Tirolo Tel. +39 347 8159410 Part.IVA: IT02814800211 CIN: IT021101B44QSLZUJH Indirizzo email del Titolare: info@franziskus.it Foto Villa Franziskus...","og_url":"https:\/\/franziskus.it\/it\/colofone\/","og_site_name":"Villa Residence Franziskus","article_publisher":"https:\/\/www.facebook.com\/p\/Villa-Residence-Franziskus-100063477395568\/","article_modified_time":"2024-12-11T08:46:42+00:00","twitter_card":"summary_large_image","twitter_misc":{"Tempo di lettura stimato":"3 minuti"},"schema":{"@context":"https:\/\/schema.org","@graph":[{"@type":"WebPage","@id":"https:\/\/franziskus.it\/it\/colofone\/","url":"https:\/\/franziskus.it\/it\/colofone\/","name":"Colofone - Villa Residence Franziskus","isPartOf":{"@id":"https:\/\/franziskus.it\/#website"},"datePublished":"2014-02-15T08:54:11+00:00","dateModified":"2024-12-11T08:46:42+00:00","breadcrumb":{"@id":"https:\/\/franziskus.it\/it\/colofone\/#breadcrumb"},"inLanguage":"it-IT","potentialAction":[{"@type":"ReadAction","target":["https:\/\/franziskus.it\/it\/colofone\/"]}]},{"@type":"BreadcrumbList","@id":"https:\/\/franziskus.it\/it\/colofone\/#breadcrumb","itemListElement":[{"@type":"ListItem","position":1,"name":"Startseite","item":"https:\/\/franziskus.it\/"},{"@type":"ListItem","position":2,"name":"Colofone"}]},{"@type":"WebSite","@id":"https:\/\/franziskus.it\/#website","url":"https:\/\/franziskus.it\/","name":"Villa Residence Franziskus Appartments in Dorf Tirol","description":"a Tirolo sopra Merano","publisher":{"@id":"https:\/\/franziskus.it\/#organization"},"potentialAction":[{"@type":"SearchAction","target":{"@type":"EntryPoint","urlTemplate":"https:\/\/franziskus.it\/?s={search_term_string}"},"query-input":{"@type":"PropertyValueSpecification","valueRequired":true,"valueName":"search_term_string"}}],"inLanguage":"it-IT"},{"@type":"Organization","@id":"https:\/\/franziskus.it\/#organization","name":"Villa Residence Franziskus","url":"https:\/\/franziskus.it\/","logo":{"@type":"ImageObject","inLanguage":"it-IT","@id":"https:\/\/franziskus.it\/#\/schema\/logo\/image\/","url":"https:\/\/franziskus.it\/wp-content\/uploads\/2019\/03\/franziskus-residence-appartement-logo-01-5.png","contentUrl":"https:\/\/franziskus.it\/wp-content\/uploads\/2019\/03\/franziskus-residence-appartement-logo-01-5.png","width":500,"height":500,"caption":"Villa Residence Franziskus"},"image":{"@id":"https:\/\/franziskus.it\/#\/schema\/logo\/image\/"},"sameAs":["https:\/\/www.facebook.com\/p\/Villa-Residence-Franziskus-100063477395568\/","https:\/\/www.instagram.com\/villa_franziskus\/"]}]}},"jetpack_sharing_enabled":true,"_links":{"self":[{"href":"https:\/\/franziskus.it\/it\/wp-json\/wp\/v2\/pages\/2213","targetHints":{"allow":["GET"]}}],"collection":[{"href":"https:\/\/franziskus.it\/it\/wp-json\/wp\/v2\/pages"}],"about":[{"href":"https:\/\/franziskus.it\/it\/wp-json\/wp\/v2\/types\/page"}],"author":[{"embeddable":true,"href":"https:\/\/franziskus.it\/it\/wp-json\/wp\/v2\/users\/1"}],"replies":[{"embeddable":true,"href":"https:\/\/franziskus.it\/it\/wp-json\/wp\/v2\/comments?post=2213"}],"version-history":[{"count":0,"href":"https:\/\/franziskus.it\/it\/wp-json\/wp\/v2\/pages\/2213\/revisions"}],"wp:attachment":[{"href":"https:\/\/franziskus.it\/it\/wp-json\/wp\/v2\/media?parent=2213"}],"curies":[{"name":"wp","href":"https:\/\/api.w.org\/{rel}","templated":true}]}}